{"id":2514,"date":"2024-08-12T17:32:55","date_gmt":"2024-08-12T15:32:55","guid":{"rendered":"https:\/\/houseofboards.eu\/experts-on-call-flexible-talente-fur-ihre-vorstandsetage\/"},"modified":"2026-01-06T14:54:42","modified_gmt":"2026-01-06T13:54:42","slug":"experts-on-call-flexible-talente-fur-ihre-vorstandsetage","status":"publish","type":"page","link":"https:\/\/houseofboards.eu\/de\/experts-on-call-flexible-talente-fur-ihre-vorstandsetage\/","title":{"rendered":"Experts On Call"},"content":{"rendered":"\t\t<div data-elementor-type=\"wp-page\" data-elementor-id=\"2514\" class=\"elementor elementor-2514 elementor-584\" data-elementor-post-type=\"page\">\n\t\t\t\t<div class=\"elementor-element elementor-element-ae2dc84 e-flex e-con-boxed e-con e-parent\" data-id=\"ae2dc84\" data-element_type=\"container\" data-e-type=\"container\" data-settings=\"{&quot;jet_parallax_layout_list&quot;:[]}\">\n\t\t\t\t\t<div class=\"e-con-inner\">\n\t\t<div class=\"elementor-element elementor-element-3eddedb e-con-full e-flex e-con e-child\" data-id=\"3eddedb\" data-element_type=\"container\" data-e-type=\"container\" data-settings=\"{&quot;background_background&quot;:&quot;classic&quot;,&quot;jet_parallax_layout_list&quot;:[]}\">\n\t\t<div class=\"elementor-element elementor-element-e0e628e e-con-full e-flex e-con e-child\" data-id=\"e0e628e\" data-element_type=\"container\" data-e-type=\"container\" data-settings=\"{&quot;jet_parallax_layout_list&quot;:[]}\">\n\t\t\t\t<div class=\"elementor-element elementor-element-1a8e518 elementor-widget elementor-widget-heading\" data-id=\"1a8e518\" data-element_type=\"widget\" data-e-type=\"widget\" data-widget_type=\"heading.default\">\n\t\t\t\t<div class=\"elementor-widget-container\">\n\t\t\t\t\t<h6 class=\"elementor-heading-title elementor-size-default\">House of Boards<\/h6>\t\t\t\t<\/div>\n\t\t\t\t<\/div>\n\t\t\t\t<div class=\"elementor-element elementor-element-fd07660 elementor-widget elementor-widget-text-editor\" data-id=\"fd07660\" data-element_type=\"widget\" data-e-type=\"widget\" data-widget_type=\"text-editor.default\">\n\t\t\t\t<div class=\"elementor-widget-container\">\n\t\t\t\t\t\t\t\t\t<h1>Experts On Call<\/h1>\t\t\t\t\t\t\t\t<\/div>\n\t\t\t\t<\/div>\n\t\t\t\t<div class=\"elementor-element elementor-element-e4d7ae0 elementor-widget elementor-widget-text-editor\" data-id=\"e4d7ae0\" data-element_type=\"widget\" data-e-type=\"widget\" data-widget_type=\"text-editor.default\">\n\t\t\t\t<div class=\"elementor-widget-container\">\n\t\t\t\t\t\t\t\t\t<p>Als Fahrer m\u00fcssen Sie nicht in allem ein Experte sein. Im Gegensatz dazu greifen die st\u00e4rksten Unternehmen auf erfahrene Experten zur\u00fcck. Mit House of Boards erhalten Sie Zugang zu unserem umfangreichen Netzwerk von Spezialisten, die jeden spezifischen Aspekt des Gesch\u00e4ftsbetriebs abdecken.<\/p><p>Zeitlich befristet in Vollzeit, Teilzeit oder f\u00fcr mindestens drei Stunden: Noch nie war die Einstellung von Talenten so flexibel.<\/p>\t\t\t\t\t\t\t\t<\/div>\n\t\t\t\t<\/div>\n\t\t\t\t<div class=\"elementor-element elementor-element-99f99d6 elementor-widget__width-auto elementor-align-left btn-blue elementor-widget elementor-widget-button\" data-id=\"99f99d6\" data-element_type=\"widget\" data-e-type=\"widget\" data-widget_type=\"button.default\">\n\t\t\t\t<div class=\"elementor-widget-container\">\n\t\t\t\t\t\t\t\t\t<div class=\"elementor-button-wrapper\">\n\t\t\t\t\t<a class=\"elementor-button elementor-button-link elementor-size-sm\" href=\"https:\/\/houseofboards.eu\/de\/kontakt-house-of-boards\/\">\n\t\t\t\t\t\t<span class=\"elementor-button-content-wrapper\">\n\t\t\t\t\t\t<span class=\"elementor-button-icon\">\n\t\t\t\t<svg xmlns=\"http:\/\/www.w3.org\/2000\/svg\" width=\"18\" height=\"18\" viewBox=\"0 0 18 18\"><g id=\"Icon_feather-arrow-up-right\" data-name=\"Icon feather-arrow-up-right\" transform=\"translate(-9 -9)\"><path id=\"Path_1183\" data-name=\"Path 1183\" d=\"M10.5,27a1.5,1.5,0,0,1-1.061-2.561l15-15a1.5,1.5,0,0,1,2.121,2.121l-15,15A1.5,1.5,0,0,1,10.5,27Z\" fill=\"#fff\"><\/path><path id=\"Path_1184\" data-name=\"Path 1184\" d=\"M25.5,27A1.5,1.5,0,0,1,24,25.5V12H10.5a1.5,1.5,0,0,1,0-3h15A1.5,1.5,0,0,1,27,10.5v15A1.5,1.5,0,0,1,25.5,27Z\" fill=\"#fff\"><\/path><\/g><\/svg>\t\t\t<\/span>\n\t\t\t\t\t\t\t\t\t<span class=\"elementor-button-text\">Zusammenarbeiten<\/span>\n\t\t\t\t\t<\/span>\n\t\t\t\t\t<\/a>\n\t\t\t\t<\/div>\n\t\t\t\t\t\t\t\t<\/div>\n\t\t\t\t<\/div>\n\t\t\t\t<\/div>\n\t\t<div class=\"elementor-element elementor-element-9dafe5b e-con-full e-flex e-con e-child\" data-id=\"9dafe5b\" data-element_type=\"container\" data-e-type=\"container\" data-settings=\"{&quot;background_background&quot;:&quot;classic&quot;,&quot;jet_parallax_layout_list&quot;:[]}\">\n\t\t\t\t<div class=\"elementor-element elementor-element-7109a29 elementor-widget elementor-widget-spacer\" data-id=\"7109a29\" data-element_type=\"widget\" data-e-type=\"widget\" data-widget_type=\"spacer.default\">\n\t\t\t\t<div class=\"elementor-widget-container\">\n\t\t\t\t\t\t\t<div class=\"elementor-spacer\">\n\t\t\t<div class=\"elementor-spacer-inner\"><\/div>\n\t\t<\/div>\n\t\t\t\t\t\t<\/div>\n\t\t\t\t<\/div>\n\t\t<div class=\"elementor-element elementor-element-f99c6c2 e-con-full e-flex e-con e-child\" data-id=\"f99c6c2\" data-element_type=\"container\" data-e-type=\"container\" data-settings=\"{&quot;background_background&quot;:&quot;classic&quot;,&quot;jet_parallax_layout_list&quot;:[]}\">\n\t\t\t\t<div class=\"elementor-element elementor-element-29bdbd4 elementor-widget elementor-widget-image\" data-id=\"29bdbd4\" data-element_type=\"widget\" data-e-type=\"widget\" data-widget_type=\"image.default\">\n\t\t\t\t<div class=\"elementor-widget-container\">\n\t\t\t\t\t\t\t\t\t\t\t\t\t\t\t<img decoding=\"async\" width=\"300\" height=\"156\" src=\"https:\/\/houseofboards.eu\/wp-content\/uploads\/2024\/08\/Experts-On-Call-Logo-2.svg\" class=\"attachment-medium size-medium wp-image-1915\" alt=\"Experts On Call - Logo\" \/>\t\t\t\t\t\t\t\t\t\t\t\t\t\t\t<\/div>\n\t\t\t\t<\/div>\n\t\t\t\t<\/div>\n\t\t\t\t<\/div>\n\t\t\t\t<\/div>\n\t\t\t\t\t<\/div>\n\t\t\t\t<\/div>\n\t\t<div class=\"elementor-element elementor-element-ce571bb e-flex e-con-boxed e-con e-parent\" data-id=\"ce571bb\" data-element_type=\"container\" data-e-type=\"container\" data-settings=\"{&quot;jet_parallax_layout_list&quot;:[]}\">\n\t\t\t\t\t<div class=\"e-con-inner\">\n\t\t<div class=\"elementor-element elementor-element-ab7373d e-con-full e-flex e-con e-child\" data-id=\"ab7373d\" data-element_type=\"container\" data-e-type=\"container\" data-settings=\"{&quot;background_background&quot;:&quot;classic&quot;,&quot;jet_parallax_layout_list&quot;:[]}\">\n\t\t<div class=\"elementor-element elementor-element-715dd93 e-con-full e-flex e-con e-child\" data-id=\"715dd93\" data-element_type=\"container\" data-e-type=\"container\" data-settings=\"{&quot;background_background&quot;:&quot;classic&quot;,&quot;jet_parallax_layout_list&quot;:[]}\">\n\t\t\t\t<div class=\"elementor-element elementor-element-6314659 elementor-widget elementor-widget-text-editor\" data-id=\"6314659\" data-element_type=\"widget\" data-e-type=\"widget\" data-widget_type=\"text-editor.default\">\n\t\t\t\t<div class=\"elementor-widget-container\">\n\t\t\t\t\t\t\t\t\t<h5>Mit Experts On Call bietet Ihnen House of Boards:<\/h5>\t\t\t\t\t\t\t\t<\/div>\n\t\t\t\t<\/div>\n\t\t\t\t<div class=\"elementor-element elementor-element-9152ad0 elementor-icon-list--layout-traditional elementor-list-item-link-full_width elementor-widget elementor-widget-icon-list\" data-id=\"9152ad0\" data-element_type=\"widget\" data-e-type=\"widget\" data-widget_type=\"icon-list.default\">\n\t\t\t\t<div class=\"elementor-widget-container\">\n\t\t\t\t\t\t\t<ul class=\"elementor-icon-list-items\">\n\t\t\t\t\t\t\t<li class=\"elementor-icon-list-item\">\n\t\t\t\t\t\t\t\t\t\t\t<span class=\"elementor-icon-list-icon\">\n\t\t\t\t\t\t\t<svg xmlns=\"http:\/\/www.w3.org\/2000\/svg\" width=\"20\" height=\"20\" viewBox=\"0 0 20 20\"><g id=\"Group_5293\" data-name=\"Group 5293\" transform=\"translate(-7139 -14956)\"><path id=\"Path_1195\" data-name=\"Path 1195\" d=\"M10,0A10,10,0,1,1,0,10,10,10,0,0,1,10,0Z\" transform=\"translate(7139 14956)\" fill=\"#fff\" opacity=\"0.129\"><\/path><path id=\"Icon_akar-check\" data-name=\"Icon akar-check\" d=\"M9.1,15.71a.5.5,0,0,1-.354-.146l-3.1-3.1a.5.5,0,0,1,.707-.707l2.718,2.718L13.9,8.68a.5.5,0,1,1,.768.64L9.489,15.53a.5.5,0,0,1-.361.179Z\" transform=\"translate(7138.86 14953.912)\" fill=\"#fff\"><\/path><\/g><\/svg>\t\t\t\t\t\t<\/span>\n\t\t\t\t\t\t\t\t\t\t<span class=\"elementor-icon-list-text\">Ein Spitzentalent in der k\u00fcrzest m\u00f6glichen Vorlaufzeit<\/span>\n\t\t\t\t\t\t\t\t\t<\/li>\n\t\t\t\t\t\t\t\t<li class=\"elementor-icon-list-item\">\n\t\t\t\t\t\t\t\t\t\t\t<span class=\"elementor-icon-list-icon\">\n\t\t\t\t\t\t\t<svg xmlns=\"http:\/\/www.w3.org\/2000\/svg\" width=\"20\" height=\"20\" viewBox=\"0 0 20 20\"><g id=\"Group_5293\" data-name=\"Group 5293\" transform=\"translate(-7139 -14956)\"><path id=\"Path_1195\" data-name=\"Path 1195\" d=\"M10,0A10,10,0,1,1,0,10,10,10,0,0,1,10,0Z\" transform=\"translate(7139 14956)\" fill=\"#fff\" opacity=\"0.129\"><\/path><path id=\"Icon_akar-check\" data-name=\"Icon akar-check\" d=\"M9.1,15.71a.5.5,0,0,1-.354-.146l-3.1-3.1a.5.5,0,0,1,.707-.707l2.718,2.718L13.9,8.68a.5.5,0,1,1,.768.64L9.489,15.53a.5.5,0,0,1-.361.179Z\" transform=\"translate(7138.86 14953.912)\" fill=\"#fff\"><\/path><\/g><\/svg>\t\t\t\t\t\t<\/span>\n\t\t\t\t\t\t\t\t\t\t<span class=\"elementor-icon-list-text\">Der richtige Experte am richtigen Ort<\/span>\n\t\t\t\t\t\t\t\t\t<\/li>\n\t\t\t\t\t\t\t\t<li class=\"elementor-icon-list-item\">\n\t\t\t\t\t\t\t\t\t\t\t<span class=\"elementor-icon-list-icon\">\n\t\t\t\t\t\t\t<svg xmlns=\"http:\/\/www.w3.org\/2000\/svg\" width=\"20\" height=\"20\" viewBox=\"0 0 20 20\"><g id=\"Group_5293\" data-name=\"Group 5293\" transform=\"translate(-7139 -14956)\"><path id=\"Path_1195\" data-name=\"Path 1195\" d=\"M10,0A10,10,0,1,1,0,10,10,10,0,0,1,10,0Z\" transform=\"translate(7139 14956)\" fill=\"#fff\" opacity=\"0.129\"><\/path><path id=\"Icon_akar-check\" data-name=\"Icon akar-check\" d=\"M9.1,15.71a.5.5,0,0,1-.354-.146l-3.1-3.1a.5.5,0,0,1,.707-.707l2.718,2.718L13.9,8.68a.5.5,0,1,1,.768.64L9.489,15.53a.5.5,0,0,1-.361.179Z\" transform=\"translate(7138.86 14953.912)\" fill=\"#fff\"><\/path><\/g><\/svg>\t\t\t\t\t\t<\/span>\n\t\t\t\t\t\t\t\t\t\t<span class=\"elementor-icon-list-text\">H\u00f6chste Diskretion und Professionalit\u00e4t<\/span>\n\t\t\t\t\t\t\t\t\t<\/li>\n\t\t\t\t\t\t<\/ul>\n\t\t\t\t\t\t<\/div>\n\t\t\t\t<\/div>\n\t\t\t\t<\/div>\n\t\t\t\t<\/div>\n\t\t<div class=\"elementor-element elementor-element-2070812 e-con-full e-flex e-con e-child\" data-id=\"2070812\" data-element_type=\"container\" data-e-type=\"container\" data-settings=\"{&quot;jet_parallax_layout_list&quot;:[]}\">\n\t\t\t\t<div class=\"elementor-element elementor-element-0146696 elementor-widget elementor-widget-heading\" data-id=\"0146696\" data-element_type=\"widget\" data-e-type=\"widget\" data-widget_type=\"heading.default\">\n\t\t\t\t<div class=\"elementor-widget-container\">\n\t\t\t\t\t<h6 class=\"elementor-heading-title elementor-size-default\">Experts On Call<\/h6>\t\t\t\t<\/div>\n\t\t\t\t<\/div>\n\t\t\t\t<div class=\"elementor-element elementor-element-c6aaa4a elementor-widget elementor-widget-text-editor\" data-id=\"c6aaa4a\" data-element_type=\"widget\" data-e-type=\"widget\" data-widget_type=\"text-editor.default\">\n\t\t\t\t<div class=\"elementor-widget-container\">\n\t\t\t\t\t\t\t\t\t<h2>Das richtige Talent am richtigen Ort<\/h2><p>Die Gr\u00fcndung eines Joint Ventures in Asien im IT-Sektor, der Aufbau einer US-Tochtergesellschaft im Lebensmittelbereich, die Integration zweier Unternehmen nach einer Fusion von Wirtschaftspr\u00fcfungsgesellschaften, die Kapitalbeschaffung, die Umstrukturierung eines Bauunternehmens, die Steigerung des Deckungsbeitrags&#8230; Dies sind nur einige Beispiele f\u00fcr Themen, bei denen Sie als Vorstand zus\u00e4tzliches Wissen, Zeit oder Ressourcen gebrauchen k\u00f6nnten.<\/p><p>Die St\u00e4rke unseres Experts On Call-Programms besteht darin, dass ein Fachmann mit Erfahrung in diesem Bereich Sie sofort gezielt beraten kann. <strong>House of Boards<\/strong> sucht f\u00fcr Sie nach dem richtigen Profil, das schnell und mit minimaler Vorlaufzeit mit der Arbeit beginnen kann.<\/p>\t\t\t\t\t\t\t\t<\/div>\n\t\t\t\t<\/div>\n\t\t\t\t<div class=\"elementor-element elementor-element-f55e526 elementor-widget__width-auto elementor-align-left btn-blue elementor-widget elementor-widget-button\" data-id=\"f55e526\" data-element_type=\"widget\" data-e-type=\"widget\" data-widget_type=\"button.default\">\n\t\t\t\t<div class=\"elementor-widget-container\">\n\t\t\t\t\t\t\t\t\t<div class=\"elementor-button-wrapper\">\n\t\t\t\t\t<a class=\"elementor-button elementor-button-link elementor-size-sm\" href=\"https:\/\/houseofboards.eu\/de\/vereinbaren-sie-einen-termin\/\">\n\t\t\t\t\t\t<span class=\"elementor-button-content-wrapper\">\n\t\t\t\t\t\t<span class=\"elementor-button-icon\">\n\t\t\t\t<svg xmlns=\"http:\/\/www.w3.org\/2000\/svg\" width=\"18\" height=\"18\" viewBox=\"0 0 18 18\"><g id=\"Icon_feather-arrow-up-right\" data-name=\"Icon feather-arrow-up-right\" transform=\"translate(-9 -9)\"><path id=\"Path_1183\" data-name=\"Path 1183\" d=\"M10.5,27a1.5,1.5,0,0,1-1.061-2.561l15-15a1.5,1.5,0,0,1,2.121,2.121l-15,15A1.5,1.5,0,0,1,10.5,27Z\" fill=\"#fff\"><\/path><path id=\"Path_1184\" data-name=\"Path 1184\" d=\"M25.5,27A1.5,1.5,0,0,1,24,25.5V12H10.5a1.5,1.5,0,0,1,0-3h15A1.5,1.5,0,0,1,27,10.5v15A1.5,1.5,0,0,1,25.5,27Z\" fill=\"#fff\"><\/path><\/g><\/svg>\t\t\t<\/span>\n\t\t\t\t\t\t\t\t\t<span class=\"elementor-button-text\">Buchen Sie ein Gespr\u00e4ch<\/span>\n\t\t\t\t\t<\/span>\n\t\t\t\t\t<\/a>\n\t\t\t\t<\/div>\n\t\t\t\t\t\t\t\t<\/div>\n\t\t\t\t<\/div>\n\t\t\t\t<\/div>\n\t\t\t\t\t<\/div>\n\t\t\t\t<\/div>\n\t\t<div class=\"elementor-element elementor-element-8a7a57a e-flex e-con-boxed e-con e-parent\" data-id=\"8a7a57a\" data-element_type=\"container\" data-e-type=\"container\" data-settings=\"{&quot;jet_parallax_layout_list&quot;:[]}\">\n\t\t\t\t\t<div class=\"e-con-inner\">\n\t\t\t\t<div class=\"elementor-element elementor-element-3de0c1e elementor-widget elementor-widget-video\" data-id=\"3de0c1e\" data-element_type=\"widget\" data-e-type=\"widget\" data-settings=\"{&quot;video_type&quot;:&quot;hosted&quot;,&quot;show_image_overlay&quot;:&quot;yes&quot;,&quot;image_overlay&quot;:{&quot;url&quot;:&quot;https:\\\/\\\/houseofboards.eu\\\/wp-content\\\/uploads\\\/2024\\\/09\\\/House-of-Boards-\\u2013-12.jpg&quot;,&quot;id&quot;:3986,&quot;size&quot;:&quot;&quot;,&quot;alt&quot;:&quot;&quot;,&quot;source&quot;:&quot;library&quot;},&quot;controls&quot;:&quot;yes&quot;}\" data-widget_type=\"video.default\">\n\t\t\t\t<div class=\"elementor-widget-container\">\n\t\t\t\t\t\t\t<div class=\"e-hosted-video elementor-wrapper elementor-open-inline\">\n\t\t\t\t\t<video class=\"elementor-video\" src=\"https:\/\/houseofboards.eu\/wp-content\/uploads\/2024\/09\/Video-Experts-On-Call-1.mp4\" controls=\"\" preload=\"metadata\" controlsList=\"nodownload\"><\/video>\n\t\t\t\t\t\t<div class=\"elementor-custom-embed-image-overlay\" style=\"background-image: url(https:\/\/houseofboards.eu\/wp-content\/uploads\/2024\/09\/House-of-Boards-\u2013-12.jpg);\">\n\t\t\t\t\t\t\t\t\t\t\t\t\t\t\t\t<div class=\"elementor-custom-embed-play\" role=\"button\" aria-label=\"Video abspielen\" tabindex=\"0\">\n\t\t\t\t\t\t\t<svg aria-hidden=\"true\" class=\"e-font-icon-svg e-fas-play\" viewBox=\"0 0 448 512\" xmlns=\"http:\/\/www.w3.org\/2000\/svg\"><path d=\"M424.4 214.7L72.4 6.6C43.8-10.3 0 6.1 0 47.9V464c0 37.5 40.7 60.1 72.4 41.3l352-208c31.4-18.5 31.5-64.1 0-82.6z\"><\/path><\/svg>\t\t\t\t\t\t<\/div>\n\t\t\t\t\t\t\t\t\t<\/div>\n\t\t\t\t\t<\/div>\n\t\t\t\t\t\t<\/div>\n\t\t\t\t<\/div>\n\t\t\t\t\t<\/div>\n\t\t\t\t<\/div>\n\t\t<div class=\"elementor-element elementor-element-4d392d9 e-flex e-con-boxed e-con e-parent\" data-id=\"4d392d9\" data-element_type=\"container\" data-e-type=\"container\" data-settings=\"{&quot;jet_parallax_layout_list&quot;:[]}\">\n\t\t\t\t\t<div class=\"e-con-inner\">\n\t\t<div class=\"elementor-element elementor-element-0a43b2a e-con-full e-flex e-con e-child\" data-id=\"0a43b2a\" data-element_type=\"container\" data-e-type=\"container\" data-settings=\"{&quot;background_background&quot;:&quot;classic&quot;,&quot;jet_parallax_layout_list&quot;:[]}\">\n\t\t<div class=\"elementor-element elementor-element-e9f9c55 e-con-full e-flex e-con e-child\" data-id=\"e9f9c55\" data-element_type=\"container\" data-e-type=\"container\" data-settings=\"{&quot;jet_parallax_layout_list&quot;:[]}\">\n\t\t\t\t<div class=\"elementor-element elementor-element-1cf3b7f elementor-widget__width-initial elementor-widget elementor-widget-text-editor\" data-id=\"1cf3b7f\" data-element_type=\"widget\" data-e-type=\"widget\" data-widget_type=\"text-editor.default\">\n\t\t\t\t<div class=\"elementor-widget-container\">\n\t\t\t\t\t\t\t\t\t<h2>Gehen Sie auch f\u00fcr corporate framing?<\/h2>\t\t\t\t\t\t\t\t<\/div>\n\t\t\t\t<\/div>\n\t\t\t\t<\/div>\n\t\t<div class=\"elementor-element elementor-element-b5dcfe8 e-con-full e-flex e-con e-child\" data-id=\"b5dcfe8\" data-element_type=\"container\" data-e-type=\"container\" data-settings=\"{&quot;jet_parallax_layout_list&quot;:[]}\">\n\t\t\t\t<div class=\"elementor-element elementor-element-b8dbf42 elementor-widget__width-auto elementor-align-right btn-white elementor-tablet-align-center elementor-mobile-align-center elementor-widget elementor-widget-button\" data-id=\"b8dbf42\" data-element_type=\"widget\" data-e-type=\"widget\" data-widget_type=\"button.default\">\n\t\t\t\t<div class=\"elementor-widget-container\">\n\t\t\t\t\t\t\t\t\t<div class=\"elementor-button-wrapper\">\n\t\t\t\t\t<a class=\"elementor-button elementor-button-link elementor-size-sm\" href=\"https:\/\/houseofboards.eu\/de\/kontakt-house-of-boards\/\">\n\t\t\t\t\t\t<span class=\"elementor-button-content-wrapper\">\n\t\t\t\t\t\t<span class=\"elementor-button-icon\">\n\t\t\t\t<svg xmlns=\"http:\/\/www.w3.org\/2000\/svg\" width=\"18\" height=\"18\" viewBox=\"0 0 18 18\"><g id=\"Icon_feather-arrow-up-right\" data-name=\"Icon feather-arrow-up-right\" transform=\"translate(-9 -9)\"><path id=\"Path_1183\" data-name=\"Path 1183\" d=\"M10.5,27a1.5,1.5,0,0,1-1.061-2.561l15-15a1.5,1.5,0,0,1,2.121,2.121l-15,15A1.5,1.5,0,0,1,10.5,27Z\" fill=\"#fff\"><\/path><path id=\"Path_1184\" data-name=\"Path 1184\" d=\"M25.5,27A1.5,1.5,0,0,1,24,25.5V12H10.5a1.5,1.5,0,0,1,0-3h15A1.5,1.5,0,0,1,27,10.5v15A1.5,1.5,0,0,1,25.5,27Z\" fill=\"#fff\"><\/path><\/g><\/svg>\t\t\t<\/span>\n\t\t\t\t\t\t\t\t\t<span class=\"elementor-button-text\">Kontaktieren Sie uns<\/span>\n\t\t\t\t\t<\/span>\n\t\t\t\t\t<\/a>\n\t\t\t\t<\/div>\n\t\t\t\t\t\t\t\t<\/div>\n\t\t\t\t<\/div>\n\t\t\t\t<\/div>\n\t\t\t\t<\/div>\n\t\t\t\t\t<\/div>\n\t\t\t\t<\/div>\n\t\t\t\t<\/div>\n\t\t","protected":false},"excerpt":{"rendered":"<p>House of Boards Experts On Call Als Fahrer m\u00fcssen Sie nicht in allem ein Experte sein. Im Gegensatz dazu greifen die st\u00e4rksten Unternehmen auf erfahrene Experten zur\u00fcck. Mit House of Boards erhalten Sie Zugang zu unserem umfangreichen Netzwerk von Spezialisten, die jeden spezifischen Aspekt des Gesch\u00e4ftsbetriebs abdecken. Zeitlich befristet in Vollzeit, Teilzeit oder f\u00fcr mindestens [&hellip;]<\/p>\n","protected":false},"author":1,"featured_media":2408,"parent":0,"menu_order":0,"comment_status":"closed","ping_status":"closed","template":"","meta":{"_genesis_title":"","_genesis_description":"","footnotes":""},"onderdeel":[],"header-kleur":[],"class_list":["post-2514","page","type-page","status-publish","has-post-thumbnail","hentry"],"meta_all":{"rank_math_news_sitemap_robots":"index","rank_math_robots":["index"],"rank_math_analytic_object_id":"73","icoon-menu":"1916","kleur":"#3fd9cd","korte_beschrijving":"Das richtige Talent am richtigen Ort","rank_math_title":"Experts On Call: flexible Talente f\u00fcr Ihre Vorstandsetage","rank_math_description":"Ziehen Sie vor\u00fcbergehend Experten hinzu mit Experts On Call von House of Boards. Flexibles Talent f\u00fcr Ihre Vorstandsetage. Buchen Sie einen Anruf.","rank_math_focus_keyword":"Experts On Call","rank_math_internal_links_processed":"1"},"meta_all_flat":{"rank_math_news_sitemap_robots":"index","rank_math_robots.0":"index","rank_math_analytic_object_id":"73","icoon-menu":"1916","kleur":"#3fd9cd","korte_beschrijving":"Das richtige Talent am richtigen Ort","rank_math_title":"Experts On Call: flexible Talente f\u00fcr Ihre Vorstandsetage","rank_math_description":"Ziehen Sie vor\u00fcbergehend Experten hinzu mit Experts On Call von House of Boards. Flexibles Talent f\u00fcr Ihre Vorstandsetage. Buchen Sie einen Anruf.","rank_math_focus_keyword":"Experts On Call","rank_math_internal_links_processed":"1"},"_links":{"self":[{"href":"https:\/\/houseofboards.eu\/de\/wp-json\/wp\/v2\/pages\/2514","targetHints":{"allow":["GET"]}}],"collection":[{"href":"https:\/\/houseofboards.eu\/de\/wp-json\/wp\/v2\/pages"}],"about":[{"href":"https:\/\/houseofboards.eu\/de\/wp-json\/wp\/v2\/types\/page"}],"author":[{"embeddable":true,"href":"https:\/\/houseofboards.eu\/de\/wp-json\/wp\/v2\/users\/1"}],"replies":[{"embeddable":true,"href":"https:\/\/houseofboards.eu\/de\/wp-json\/wp\/v2\/comments?post=2514"}],"version-history":[{"count":4,"href":"https:\/\/houseofboards.eu\/de\/wp-json\/wp\/v2\/pages\/2514\/revisions"}],"predecessor-version":[{"id":6995,"href":"https:\/\/houseofboards.eu\/de\/wp-json\/wp\/v2\/pages\/2514\/revisions\/6995"}],"wp:featuredmedia":[{"embeddable":true,"href":"https:\/\/houseofboards.eu\/de\/wp-json\/wp\/v2\/media\/2408"}],"wp:attachment":[{"href":"https:\/\/houseofboards.eu\/de\/wp-json\/wp\/v2\/media?parent=2514"}],"wp:term":[{"taxonomy":"onderdeel","embeddable":true,"href":"https:\/\/houseofboards.eu\/de\/wp-json\/wp\/v2\/onderdeel?post=2514"},{"taxonomy":"header-kleur","embeddable":true,"href":"https:\/\/houseofboards.eu\/de\/wp-json\/wp\/v2\/header-kleur?post=2514"}],"curies":[{"name":"wp","href":"https:\/\/api.w.org\/{rel}","templated":true}]}}