{"id":5798,"date":"2025-09-09T19:31:21","date_gmt":"2025-09-09T17:31:21","guid":{"rendered":"https:\/\/houseofboards.eu\/vielen-dank-fuer-ihre-anmeldung\/"},"modified":"2025-09-12T10:39:29","modified_gmt":"2025-09-12T08:39:29","slug":"vielen-dank-fuer-ihre-anmeldung","status":"publish","type":"page","link":"https:\/\/houseofboards.eu\/de\/vielen-dank-fuer-ihre-anmeldung\/","title":{"rendered":"Vielen Dank f\u00fcr Ihre Anmeldung!"},"content":{"rendered":"\t\t<div data-elementor-type=\"wp-page\" data-elementor-id=\"5798\" class=\"elementor elementor-5798 elementor-5690\" data-elementor-post-type=\"page\">\n\t\t\t\t<div class=\"elementor-element elementor-element-2509bba e-flex e-con-boxed e-con e-parent\" data-id=\"2509bba\" data-element_type=\"container\" data-e-type=\"container\" data-settings=\"{&quot;jet_parallax_layout_list&quot;:[]}\">\n\t\t\t\t\t<div class=\"e-con-inner\">\n\t\t\t\t<div class=\"elementor-element elementor-element-f13c689 elementor-widget elementor-widget-text-editor\" data-id=\"f13c689\" data-element_type=\"widget\" data-e-type=\"widget\" data-widget_type=\"text-editor.default\">\n\t\t\t\t<div class=\"elementor-widget-container\">\n\t\t\t\t\t\t\t\t\t<h1>Ihre Anmeldung wurde erfolgreich abgeschlossen.<\/h1><p>Innerhalb weniger Minuten erhalten Sie eine Best\u00e4tigungs-E-Mail mit allen praktischen Informationen zur Veranstaltung. Haben Sie die E-Mail nicht erhalten? Bitte \u00fcberpr\u00fcfen Sie Ihren Spam-Ordner oder kontaktieren Sie uns unter team@houseofboards.eu.  <\/p><p>Wir freuen uns darauf, Sie bald begr\u00fc\u00dfen zu d\u00fcrfen!<\/p>\t\t\t\t\t\t\t\t<\/div>\n\t\t\t\t<\/div>\n\t\t\t\t<div class=\"elementor-element elementor-element-cae0538 elementor-align-center elementor-widget elementor-widget-button\" data-id=\"cae0538\" data-element_type=\"widget\" data-e-type=\"widget\" data-widget_type=\"button.default\">\n\t\t\t\t<div class=\"elementor-widget-container\">\n\t\t\t\t\t\t\t\t\t<div class=\"elementor-button-wrapper\">\n\t\t\t\t\t<a class=\"elementor-button elementor-button-link elementor-size-sm\" href=\"https:\/\/houseofboards.eu\/events\/\">\n\t\t\t\t\t\t<span class=\"elementor-button-content-wrapper\">\n\t\t\t\t\t\t\t\t\t<span class=\"elementor-button-text\">Entdecken Sie alle Events<\/span>\n\t\t\t\t\t<\/span>\n\t\t\t\t\t<\/a>\n\t\t\t\t<\/div>\n\t\t\t\t\t\t\t\t<\/div>\n\t\t\t\t<\/div>\n\t\t\t\t\t<\/div>\n\t\t\t\t<\/div>\n\t\t\t\t<\/div>\n\t\t","protected":false},"excerpt":{"rendered":"<p>Ihre Anmeldung wurde erfolgreich abgeschlossen. Innerhalb weniger Minuten erhalten Sie eine Best\u00e4tigungs-E-Mail mit allen praktischen Informationen zur Veranstaltung. Haben Sie die E-Mail nicht erhalten? Bitte \u00fcberpr\u00fcfen Sie Ihren Spam-Ordner oder kontaktieren Sie uns unter team@houseofboards.eu. Wir freuen uns darauf, Sie bald begr\u00fc\u00dfen zu d\u00fcrfen! Entdecken Sie alle Events<\/p>\n","protected":false},"author":1,"featured_media":0,"parent":0,"menu_order":0,"comment_status":"closed","ping_status":"closed","template":"","meta":{"_genesis_title":"","_genesis_description":"","footnotes":""},"onderdeel":[],"header-kleur":[46],"class_list":["post-5798","page","type-page","status-publish","hentry","header-kleur-header-kleur"],"meta_all":{"rank_math_internal_links_processed":"1"},"meta_all_flat":{"rank_math_internal_links_processed":"1"},"_links":{"self":[{"href":"https:\/\/houseofboards.eu\/de\/wp-json\/wp\/v2\/pages\/5798","targetHints":{"allow":["GET"]}}],"collection":[{"href":"https:\/\/houseofboards.eu\/de\/wp-json\/wp\/v2\/pages"}],"about":[{"href":"https:\/\/houseofboards.eu\/de\/wp-json\/wp\/v2\/types\/page"}],"author":[{"embeddable":true,"href":"https:\/\/houseofboards.eu\/de\/wp-json\/wp\/v2\/users\/1"}],"replies":[{"embeddable":true,"href":"https:\/\/houseofboards.eu\/de\/wp-json\/wp\/v2\/comments?post=5798"}],"version-history":[{"count":1,"href":"https:\/\/houseofboards.eu\/de\/wp-json\/wp\/v2\/pages\/5798\/revisions"}],"predecessor-version":[{"id":5799,"href":"https:\/\/houseofboards.eu\/de\/wp-json\/wp\/v2\/pages\/5798\/revisions\/5799"}],"wp:attachment":[{"href":"https:\/\/houseofboards.eu\/de\/wp-json\/wp\/v2\/media?parent=5798"}],"wp:term":[{"taxonomy":"onderdeel","embeddable":true,"href":"https:\/\/houseofboards.eu\/de\/wp-json\/wp\/v2\/onderdeel?post=5798"},{"taxonomy":"header-kleur","embeddable":true,"href":"https:\/\/houseofboards.eu\/de\/wp-json\/wp\/v2\/header-kleur?post=5798"}],"curies":[{"name":"wp","href":"https:\/\/api.w.org\/{rel}","templated":true}]}}